{"id":2,"date":"2017-04-04T10:35:57","date_gmt":"2017-04-04T08:35:57","guid":{"rendered":"https:\/\/dev.bustreff.de\/busmagazin\/?page_id=2"},"modified":"2026-03-20T13:51:23","modified_gmt":"2026-03-20T12:51:23","slug":"beispiel-seite","status":"publish","type":"page","link":"https:\/\/www.bustreff.de\/busmagazin\/","title":{"rendered":"BUSMAGAZIN"},"content":{"rendered":"<div id=\"pl-2\"  class=\"panel-layout\" ><div id=\"pg-2-0\"  class=\"panel-grid panel-no-style\"  style=\"margin-bottom: 30px\" ><div id=\"pgc-2-0-0\"  class=\"panel-grid-cell\" ><div id=\"panel-2-0-0-0\" class=\"so-panel widget widget_sow-image panel-first-child\" data-index=\"0\" style=\"margin-bottom: 30px\" ><div style=\"padding: 10px 10px 0px 10px;\" class=\"panel-widget-style panel-widget-style-for-2-0-0-0\" ><div\n\t\t\t\n\t\t\tclass=\"so-widget-sow-image so-widget-sow-image-default-8b5b6f678277-2\"\n\t\t\t\n\t\t>\n<div class=\"sow-image-container\">\n\t\t<img \n\tsrc=\"https:\/\/www.bustreff.de\/busmagazin\/wp-content\/uploads\/2017\/04\/Logo_Busmagazin-200x28.png\" width=\"200\" height=\"28\" srcset=\"https:\/\/www.bustreff.de\/busmagazin\/wp-content\/uploads\/2017\/04\/Logo_Busmagazin-200x28.png 200w, https:\/\/www.bustreff.de\/busmagazin\/wp-content\/uploads\/2017\/04\/Logo_Busmagazin.png 411w\" sizes=\"(max-width: 200px) 100vw, 200px\" alt=\"\" \t\tclass=\"so-widget-image\"\/>\n\t<\/div>\n\n<\/div><\/div><\/div><div id=\"panel-2-0-0-1\" class=\"so-panel widget widget_sow-editor\" data-index=\"1\" style=\"margin-bottom: 30px\" ><div style=\"padding: 0px 10px 10px 10px;\" class=\"panel-widget-style panel-widget-style-for-2-0-0-1\" ><div\n\t\t\t\n\t\t\tclass=\"so-widget-sow-editor so-widget-sow-editor-base\"\n\t\t\t\n\t\t>\n<div class=\"siteorigin-widget-tinymce textwidget\">\n\t<p>BUSMAGAZIN - Die Gruppenreise\u00a0ist die Fachzeitschrift\u00a0f\u00fcr erfolgreiche Busunternehmer und Gruppenreiseveranstalter und liefert 10 mal im Jahr Entscheidungshilfen f\u00fcr die Vermarktung von Reisezielen, Hintergrundinformationen zur\u00a0Reiseorganisation, Tipps f\u00fcr Werbung und Verkauf, Markt\u00fcbersichten und Empfehlungen zur Erlebnisinszenierung. Weitere Schwerpunkte bilden die Bereiche Unternehmensf\u00fchrung und Fahrzeug-\/Fuhrparktechnik (Reisebus) mit Ergebnissen von Fahrzeugtests und Vorstellung neuer Produkte. Gewerbepolitische Themen und aktuelle Informationen zum Grenz\u00fcberschreitenden Verkehr runden das Leseangebot ab.\u00a0\u00a0<\/p>\n<p>Als Partner der Branchenplattform Bustreff.de bietet das BUSMAGAZIN den Nutzern von Bustreff.de aktuelle News und fachliche Informationen.\u00a0\u00a0<\/p>\n<\/div>\n<\/div><\/div><\/div><div id=\"panel-2-0-0-2\" class=\"so-panel widget widget_sow-editor panel-last-child\" data-index=\"2\" ><div style=\"padding: 10px 10px 10px 10px;\" class=\"panel-widget-style panel-widget-style-for-2-0-0-2\" ><div\n\t\t\t\n\t\t\tclass=\"so-widget-sow-editor so-widget-sow-editor-base\"\n\t\t\t\n\t\t><h3 class=\"widget-title\">Redaktion<\/h3>\n<div class=\"siteorigin-widget-tinymce textwidget\">\n\t<p>Kontakt zur\u00a0BUSMAGAZIN-Redaktion:<\/p>\n<p><strong>eMail:<\/strong> busmagazin@kirschbaum.de<\/p>\n<p>Kirschbaum Verlag, Bonn<\/p>\n<\/div>\n<\/div><\/div><\/div><\/div><div id=\"pgc-2-0-1\"  class=\"panel-grid-cell\" ><div id=\"panel-2-0-1-0\" class=\"so-panel widget widget_sow-image panel-first-child\" data-index=\"3\" style=\"margin-bottom: 30px\" ><div\n\t\t\t\n\t\t\tclass=\"so-widget-sow-image so-widget-sow-image-default-4e6925654b7a-2\"\n\t\t\t\n\t\t>\n<div class=\"sow-image-container\">\n\t\t<img \n\tsrc=\"https:\/\/www.bustreff.de\/busmagazin\/wp-content\/uploads\/2026\/03\/bm-digital-768x552.png\" width=\"525\" height=\"377\" srcset=\"https:\/\/www.bustreff.de\/busmagazin\/wp-content\/uploads\/2026\/03\/bm-digital-768x552.png 768w, https:\/\/www.bustreff.de\/busmagazin\/wp-content\/uploads\/2026\/03\/bm-digital-200x144.png 200w, https:\/\/www.bustreff.de\/busmagazin\/wp-content\/uploads\/2026\/03\/bm-digital-512x368.png 512w, https:\/\/www.bustreff.de\/busmagazin\/wp-content\/uploads\/2026\/03\/bm-digital.png 1160w\" sizes=\"(max-width: 525px) 100vw, 525px\" alt=\"\" \t\tclass=\"so-widget-image\"\/>\n\t<\/div>\n\n<\/div><\/div><div id=\"panel-2-0-1-1\" class=\"so-panel widget widget_sow-button panel-last-child\" data-index=\"4\" ><div style=\"padding: 0px 0px 0px 30px;\" class=\"panel-widget-style panel-widget-style-for-2-0-1-1\" ><div\n\t\t\t\n\t\t\tclass=\"so-widget-sow-button so-widget-sow-button-flat-a2dd0aa6aa97-2\"\n\t\t\t\n\t\t><div class=\"ow-button-base ow-button-align-left\"\n>\n\t\t\t<a\n\t\t\t\t\thref=\"https:\/\/www.busmagazin.de\/\"\n\t\t\t\t\tclass=\"sowb-button ow-icon-placement-left\" target=\"_blank\" rel=\"noopener noreferrer\" \t>\n\t\t<span>\n\t\t\t\n\t\t\tLink\t\t<\/span>\n\t\t\t<\/a>\n\t<\/div>\n<\/div><\/div><\/div><\/div><\/div><div id=\"pg-2-1\"  class=\"panel-grid panel-has-style\" ><div style=\"padding: 0px 0px 20px 0px;\" class=\"panel-row-style panel-row-style-for-2-1\" ><div id=\"pgc-2-1-0\"  class=\"panel-grid-cell panel-grid-cell-empty panel-grid-cell-mobile-last\" ><\/div><div id=\"pgc-2-1-1\"  class=\"panel-grid-cell panel-grid-cell-empty\" ><\/div><\/div><\/div><\/div>","protected":false},"excerpt":{"rendered":"<p>BUSMAGAZIN &#8211; Die Gruppenreise\u00a0ist die Fachzeitschrift\u00a0f\u00fcr erfolgreiche Busunternehmer und Gruppenreiseveranstalter und liefert 10 mal im Jahr Entscheidungshilfen f\u00fcr die Vermarktung von Reisezielen, Hintergrundinformationen zur\u00a0Reiseorganisation, Tipps f\u00fcr Werbung und Verkauf, Markt\u00fcbersichten und Empfehlungen zur Erlebnisinszenierung. Weitere Schwerpunkte bilden die Bereiche Unternehmensf\u00fchrung und Fahrzeug-\/Fuhrparktechnik (Reisebus) mit Ergebnissen von Fahrzeugtests und Vorstellung neuer Produkte. Gewerbepolitische Themen und aktuelle &#8230; <a href=\"https:\/\/www.bustreff.de\/busmagazin\/\" class=\"more-link\">mehr<\/a><\/p>\n","protected":false},"author":1,"featured_media":0,"parent":0,"menu_order":0,"comment_status":"closed","ping_status":"open","template":"","meta":{"footnotes":""},"class_list":["post-2","page","type-page","status-publish","hentry"],"_links":{"self":[{"href":"https:\/\/www.bustreff.de\/busmagazin\/wp-json\/wp\/v2\/pages\/2","targetHints":{"allow":["GET"]}}],"collection":[{"href":"https:\/\/www.bustreff.de\/busmagazin\/wp-json\/wp\/v2\/pages"}],"about":[{"href":"https:\/\/www.bustreff.de\/busmagazin\/wp-json\/wp\/v2\/types\/page"}],"author":[{"embeddable":true,"href":"https:\/\/www.bustreff.de\/busmagazin\/wp-json\/wp\/v2\/users\/1"}],"replies":[{"embeddable":true,"href":"https:\/\/www.bustreff.de\/busmagazin\/wp-json\/wp\/v2\/comments?post=2"}],"version-history":[{"count":98,"href":"https:\/\/www.bustreff.de\/busmagazin\/wp-json\/wp\/v2\/pages\/2\/revisions"}],"predecessor-version":[{"id":19944,"href":"https:\/\/www.bustreff.de\/busmagazin\/wp-json\/wp\/v2\/pages\/2\/revisions\/19944"}],"wp:attachment":[{"href":"https:\/\/www.bustreff.de\/busmagazin\/wp-json\/wp\/v2\/media?parent=2"}],"curies":[{"name":"wp","href":"https:\/\/api.w.org\/{rel}","templated":true}]}}