{"id":9942,"date":"2019-10-02T14:18:56","date_gmt":"2019-10-02T12:18:56","guid":{"rendered":"https:\/\/www.bustreff.de\/busmagazin\/?page_id=9942"},"modified":"2019-10-02T15:53:41","modified_gmt":"2019-10-02T13:53:41","slug":"groupedia","status":"publish","type":"page","link":"https:\/\/www.bustreff.de\/busmagazin\/groupedia\/","title":{"rendered":"groupedia"},"content":{"rendered":"<div id=\"pl-9942\"  class=\"panel-layout\" ><div id=\"pg-9942-0\"  class=\"panel-grid panel-no-style\"  style=\"margin-bottom: 30px\" ><div id=\"pgc-9942-0-0\"  class=\"panel-grid-cell\" ><div id=\"panel-9942-0-0-0\" class=\"so-panel widget widget_sow-editor panel-first-child\" data-index=\"0\" style=\"margin: 20px 0px 0px 0px;\" ><div\n\t\t\t\n\t\t\tclass=\"so-widget-sow-editor so-widget-sow-editor-base\"\n\t\t\t\n\t\t>\n<div class=\"siteorigin-widget-tinymce textwidget\">\n\t<h1>Ziele &amp; Angebote f\u00fcr Gruppenreisen<\/h1>\n<\/div>\n<\/div><\/div><div id=\"panel-9942-0-0-1\" class=\"so-panel widget widget_sow-editor panel-last-child\" data-index=\"1\" style=\"margin: 10px 0px 0px 0px;\" ><div\n\t\t\t\n\t\t\tclass=\"so-widget-sow-editor so-widget-sow-editor-base\"\n\t\t\t\n\t\t>\n<div class=\"siteorigin-widget-tinymce textwidget\">\n\t<p>Die Plattform \"groupedia\" steht Ihnen f\u00fcr die Organisation und Planung von Gruppenreisen zur Verf\u00fcgung. In den jeweiligen Bereichen <strong>Gruppenunterk\u00fcnfte<\/strong>, <strong>Gastronomie<\/strong>, <strong>Ausflugsziele<\/strong>, <strong>Freizeitaktivit\u00e4ten<\/strong> und <strong>Veranstaltungen<\/strong> werden gruppen- und busfreundlichen Anbieter vorgestellt.<\/p>\n<p>F\u00fcr Busunternehmen bietet groupedia ein vielf\u00e4ltiges Angebot mit neuen und interessanten Gruppendestinationen. Das erleichtert die relevante Suche im Zielgebiet und die Angebotserstellung bei direkt anfragenden Reisegruppen.<\/p>\n<\/div>\n<\/div><\/div><\/div><div id=\"pgc-9942-0-1\"  class=\"panel-grid-cell panel-grid-cell-empty\" ><\/div><div id=\"pgc-9942-0-2\"  class=\"panel-grid-cell\" ><div id=\"panel-9942-0-2-0\" class=\"so-panel widget widget_sow-image panel-first-child\" data-index=\"2\" style=\"margin-bottom: 30px\" ><div\n\t\t\t\n\t\t\tclass=\"so-widget-sow-image so-widget-sow-image-default-8b5b6f678277-9942\"\n\t\t\t\n\t\t>\n<div class=\"sow-image-container\">\n\t\t\t<a href=\"https:\/\/www.groupedia.de\/\"\n\t\t\ttarget=\"_blank\" rel=\"noopener noreferrer\" \t\t>\n\t\t\t<img \n\tsrc=\"https:\/\/www.bustreff.de\/busmagazin\/wp-content\/uploads\/2019\/10\/groupedia_LOGO_2019.png\" width=\"2991\" height=\"1027\" srcset=\"https:\/\/www.bustreff.de\/busmagazin\/wp-content\/uploads\/2019\/10\/groupedia_LOGO_2019.png 2991w, https:\/\/www.bustreff.de\/busmagazin\/wp-content\/uploads\/2019\/10\/groupedia_LOGO_2019-200x69.png 200w, https:\/\/www.bustreff.de\/busmagazin\/wp-content\/uploads\/2019\/10\/groupedia_LOGO_2019-768x264.png 768w, https:\/\/www.bustreff.de\/busmagazin\/wp-content\/uploads\/2019\/10\/groupedia_LOGO_2019-512x176.png 512w\" sizes=\"(max-width: 706px) 89vw, (max-width: 767px) 82vw, 740px\" alt=\"\" \t\tclass=\"so-widget-image\"\/>\n\t\t\t<\/a><\/div>\n\n<\/div><\/div><div id=\"panel-9942-0-2-1\" class=\"so-panel widget widget_sow-button panel-last-child\" data-index=\"3\" ><div\n\t\t\t\n\t\t\tclass=\"so-widget-sow-button so-widget-sow-button-atom-5519b1abafea-9942\"\n\t\t\t\n\t\t><div class=\"ow-button-base ow-button-align-center\"\n>\n\t\t\t<a\n\t\t\t\t\thref=\"https:\/\/www.groupedia.de\/\"\n\t\t\t\t\tclass=\"sowb-button ow-icon-placement-left ow-button-hover\" target=\"_blank\" rel=\"noopener noreferrer\" \t>\n\t\t<span>\n\t\t\t<span class=\"sow-icon-fontawesome sow-fas\" data-sow-icon=\"&#xf207;\"\n\t\tstyle=\"color: #ffffff\" \n\t\taria-hidden=\"true\"><\/span>\n\t\t\tgroupedia.de \u00f6ffnen\t\t<\/span>\n\t\t\t<\/a>\n\t<\/div>\n<\/div><\/div><\/div><\/div><div id=\"pg-9942-1\"  class=\"panel-grid panel-no-style\" ><div id=\"pgc-9942-1-0\"  class=\"panel-grid-cell\" ><div id=\"panel-9942-1-0-0\" class=\"so-panel widget widget_sow-editor panel-first-child\" data-index=\"4\" style=\"margin: 0px 0px 10px 0px;\" ><div\n\t\t\t\n\t\t\tclass=\"so-widget-sow-editor so-widget-sow-editor-base\"\n\t\t\t\n\t\t>\n<div class=\"siteorigin-widget-tinymce textwidget\">\n\t<h1>Aktuelle Empfehlungen<\/h1>\n<\/div>\n<\/div><\/div><div id=\"panel-9942-1-0-1\" class=\"widget_text so-panel widget widget_custom_html\" data-index=\"5\" style=\"margin-bottom: 30px\" ><div class=\"textwidget custom-html-widget\">\n<iframe loading=\"lazy\" src=\"https:\/\/www.groupedia.de\/bustreff_groupedia_start\/\" style=\"border:0px #ffffff none;\" name=\"myiFrame\" scrolling=\"no\" frameborder=\"0\" marginheight=\"0px\" marginwidth=\"0px\" height=\"1400px\" width=\"100%\" allowfullscreen><\/iframe><\/div><\/div><div id=\"panel-9942-1-0-2\" class=\"so-panel widget widget_sow-editor panel-last-child\" data-index=\"6\" style=\"margin: 0px 0px 100px 0px;\" ><div class=\"panel-widget-style panel-widget-style-for-9942-1-0-2\" ><div\n\t\t\t\n\t\t\tclass=\"so-widget-sow-editor so-widget-sow-editor-base\"\n\t\t\t\n\t\t>\n<div class=\"siteorigin-widget-tinymce textwidget\">\n\t<p>Weitere Reiseziele und Destinationen f\u00fcr Gruppenreisen finden Sie auf <a href=\"https:\/\/www.groupedia.de\/\" target=\"_blank\" rel=\"noopener\"><strong>www.groupedia.de<\/strong><\/a><\/p>\n<\/div>\n<\/div><\/div><\/div><\/div><\/div><\/div>","protected":false},"excerpt":{"rendered":"<p>Ziele &amp; Angebote f\u00fcr Gruppenreisen Die Plattform &#8222;groupedia&#8220; steht Ihnen f\u00fcr die Organisation und Planung von Gruppenreisen zur Verf\u00fcgung. In den jeweiligen Bereichen Gruppenunterk\u00fcnfte, Gastronomie, Ausflugsziele, Freizeitaktivit\u00e4ten und Veranstaltungen werden gruppen- und busfreundlichen Anbieter vorgestellt. F\u00fcr Busunternehmen bietet groupedia ein vielf\u00e4ltiges Angebot mit neuen und interessanten Gruppendestinationen. Das erleichtert die relevante Suche im Zielgebiet und &#8230; <a href=\"https:\/\/www.bustreff.de\/busmagazin\/groupedia\/\" class=\"more-link\">mehr<\/a><\/p>\n","protected":false},"author":1,"featured_media":0,"parent":0,"menu_order":0,"comment_status":"closed","ping_status":"closed","template":"","meta":{"footnotes":""},"class_list":["post-9942","page","type-page","status-publish","hentry"],"_links":{"self":[{"href":"https:\/\/www.bustreff.de\/busmagazin\/wp-json\/wp\/v2\/pages\/9942","targetHints":{"allow":["GET"]}}],"collection":[{"href":"https:\/\/www.bustreff.de\/busmagazin\/wp-json\/wp\/v2\/pages"}],"about":[{"href":"https:\/\/www.bustreff.de\/busmagazin\/wp-json\/wp\/v2\/types\/page"}],"author":[{"embeddable":true,"href":"https:\/\/www.bustreff.de\/busmagazin\/wp-json\/wp\/v2\/users\/1"}],"replies":[{"embeddable":true,"href":"https:\/\/www.bustreff.de\/busmagazin\/wp-json\/wp\/v2\/comments?post=9942"}],"version-history":[{"count":77,"href":"https:\/\/www.bustreff.de\/busmagazin\/wp-json\/wp\/v2\/pages\/9942\/revisions"}],"predecessor-version":[{"id":10029,"href":"https:\/\/www.bustreff.de\/busmagazin\/wp-json\/wp\/v2\/pages\/9942\/revisions\/10029"}],"wp:attachment":[{"href":"https:\/\/www.bustreff.de\/busmagazin\/wp-json\/wp\/v2\/media?parent=9942"}],"curies":[{"name":"wp","href":"https:\/\/api.w.org\/{rel}","templated":true}]}}